{"id":2,"date":"2022-12-01T23:01:27","date_gmt":"2022-12-01T22:01:27","guid":{"rendered":"http:\/\/nuapp.fr\/?page_id=2"},"modified":"2022-12-01T23:37:21","modified_gmt":"2022-12-01T22:37:21","slug":"presentation","status":"publish","type":"page","link":"https:\/\/nuapp.fr\/","title":{"rendered":"Pr\u00e9sentation"},"content":{"rendered":"\n<p>Depuis plus de 10 ans, nous proposons notre expertise et nos solutions informatiques sur mesures aux \u00e9tablissement scolaire et associations.<\/p>\n\n\n\n<p>Notre \u00e9quipe jeune et dynamique r\u00e9ponds aux demandes de support sur place ou \u00e0 distance \u00e0 travers des outils modernes et adapt\u00e9s aux petit parcs informatique comme au plus volumineux.<\/p>\n\n\n\n<p>Nous proposons \u00e9galement des solutions pour les parcs de tablette \u00e9quip\u00e9s d&rsquo;iPad, solution centralis\u00e9s, gestion de l&rsquo;inventaire, du d\u00e9ploiement des applications, profils \u00e9l\u00e8ves, enseignant, personnel administratif&#8230; Nous couvrons l&rsquo;ensemble des profils d&rsquo;utilisateur, et d\u00e9finissons ensemble le curseur de personnalisation que vous souhaitez.<\/p>\n\n\n\n<p><\/p>\n","protected":false},"excerpt":{"rendered":"<p>Depuis plus de 10 ans, nous proposons notre expertise et nos solutions informatiques sur mesures aux \u00e9tablissement scolaire et associations. Notre \u00e9quipe jeune et dynamique r\u00e9ponds aux demandes de support sur place ou \u00e0 distance \u00e0 travers des outils modernes et adapt\u00e9s aux petit parcs informatique comme au plus volumineux. Nous proposons \u00e9galement des solutions &hellip; <\/p>\n","protected":false},"author":1,"featured_media":0,"parent":0,"menu_order":0,"comment_status":"closed","ping_status":"open","template":"","meta":{"footnotes":""},"class_list":["post-2","page","type-page","status-publish","hentry"],"_links":{"self":[{"href":"https:\/\/nuapp.fr\/index.php\/wp-json\/wp\/v2\/pages\/2","targetHints":{"allow":["GET"]}}],"collection":[{"href":"https:\/\/nuapp.fr\/index.php\/wp-json\/wp\/v2\/pages"}],"about":[{"href":"https:\/\/nuapp.fr\/index.php\/wp-json\/wp\/v2\/types\/page"}],"author":[{"embeddable":true,"href":"https:\/\/nuapp.fr\/index.php\/wp-json\/wp\/v2\/users\/1"}],"replies":[{"embeddable":true,"href":"https:\/\/nuapp.fr\/index.php\/wp-json\/wp\/v2\/comments?post=2"}],"version-history":[{"count":4,"href":"https:\/\/nuapp.fr\/index.php\/wp-json\/wp\/v2\/pages\/2\/revisions"}],"predecessor-version":[{"id":13,"href":"https:\/\/nuapp.fr\/index.php\/wp-json\/wp\/v2\/pages\/2\/revisions\/13"}],"wp:attachment":[{"href":"https:\/\/nuapp.fr\/index.php\/wp-json\/wp\/v2\/media?parent=2"}],"curies":[{"name":"wp","href":"https:\/\/api.w.org\/{rel}","templated":true}]}}